{"id":626,"date":"2025-05-21T09:19:57","date_gmt":"2025-05-21T07:19:57","guid":{"rendered":"https:\/\/portfoliobernard.net\/?page_id=626"},"modified":"2025-05-21T15:48:57","modified_gmt":"2025-05-21T13:48:57","slug":"mentions-legal","status":"publish","type":"page","link":"https:\/\/portfoliobernard.net\/index.php\/mentions-legal\/","title":{"rendered":"Mentions l\u00e9gales"},"content":{"rendered":"\n<div class=\"wp-block-cover alignfull\"><span aria-hidden=\"true\" class=\"wp-block-cover__background has-base-2-background-color has-background-dim-100 has-background-dim\"><\/span><div class=\"wp-block-cover__inner-container is-layout-flow wp-block-cover-is-layout-flow\">\n<h1>Mentions l\u00e9gales<\/h1>\n\n<p>Bienvenue sur le portfolio en ligne de <strong>Bernard Ardisson<\/strong>, \u00e9tudiant en BTS Services Informatiques aux Organisations (SIO), passionn\u00e9 par le d\u00e9veloppement, l&rsquo;administration syst\u00e8mes &#038; r\u00e9seaux, et les projets num\u00e9riques.<\/p>\n\n<hr>\n\n<h2>\u00c9diteur du site<\/h2>\n<p>\nCe site est \u00e9dit\u00e9 \u00e0 titre personnel dans le cadre d\u2019un projet \u00e9tudiant.<br>\nNom : <strong>Bernard Ardisson<\/strong><br>\nStatut : Particulier \u2013 \u00c9tudiant en BTS SIO<br>\nAdresse : Adresse non communiqu\u00e9e<br>\nEmail : <a href=\"mailto:bernardardisson@gmail.com\">bernardardisson@gmail.com<\/a> <\/p>\n\n<h2>H\u00e9bergement<\/h2>\n<p>\nCe site est h\u00e9berg\u00e9 par :<br>\n<strong>OVH Cloud<\/strong><br>\n19 PL Fran\u00e7oise Dorin Paris, France<br>\nT\u00e9l\u00e9phone : 09 55 00 66 33<br>\nSite web : <a href=\"https:\/\/www.ovhcloud.com\/fr\/\" target=\"_blank\">www.ovhcloud.com<\/a> <!-- https:\/\/www.ovhcloud.com\/fr\/ -->\n<\/p>\n\n<h2>Propri\u00e9t\u00e9 intellectuelle<\/h2>\n<p>\nL\u2019ensemble des contenus (textes, images, code, design) pr\u00e9sents sur ce site sont la propri\u00e9t\u00e9 exclusive de Bernard Ardisson, sauf mention contraire. Toute reproduction ou utilisation sans autorisation est interdite.\n<\/p>\n\n<h2>Donn\u00e9es personnelles<\/h2>\n<p>\nAucune donn\u00e9e personnelle n\u2019est collect\u00e9e sans votre consentement. Les \u00e9ventuels formulaires (contact, commentaires) ne stockent aucune information \u00e0 des fins commerciales. Aucune donn\u00e9e n\u2019est c\u00e9d\u00e9e \u00e0 des tiers.\n<\/p>\n\n<h2>Cookies<\/h2>\n<p>\nLe site peut utiliser des cookies \u00e0 des fins de statistiques anonymes (Google Analytics ou outils \u00e9quivalents) afin d\u2019am\u00e9liorer l\u2019exp\u00e9rience utilisateur. Vous pouvez les refuser en configurant votre navigateur.\n<\/p>\n\n<h2>\u00c0 propos du site<\/h2>\n<p>\nCe portfolio a \u00e9t\u00e9 con\u00e7u et r\u00e9alis\u00e9 dans un but non commercial, afin de pr\u00e9senter mes comp\u00e9tences, projets et exp\u00e9riences professionnelles <p>\n\n<hr>\n\n<!-- \ud83d\udd3d Pied de page avec lien de contact -->\n<p style=\"font-size: 0.9em; text-align: center;\">\n&copy; Bernard Ardisson &#8211; Tous droits r\u00e9serv\u00e9s \u2013 \n<a href=\"https:\/\/portfoliobernard.net\">portfoliobernard.net<\/a> <!-- portfoliobernard.net  -->\n<br>\nSi vous avez des questions, <a href=\"https:\/\/portfoliobernard.net\/index.php\/contacter-moi\/\">contactez-moi<\/a>.\n<\/p>\n\n<\/div><\/div>\n","protected":false},"excerpt":{"rendered":"","protected":false},"author":1,"featured_media":0,"parent":0,"menu_order":0,"comment_status":"closed","ping_status":"closed","template":"","meta":{"footnotes":""},"class_list":["post-626","page","type-page","status-publish","hentry"],"_links":{"self":[{"href":"https:\/\/portfoliobernard.net\/index.php\/wp-json\/wp\/v2\/pages\/626","targetHints":{"allow":["GET"]}}],"collection":[{"href":"https:\/\/portfoliobernard.net\/index.php\/wp-json\/wp\/v2\/pages"}],"about":[{"href":"https:\/\/portfoliobernard.net\/index.php\/wp-json\/wp\/v2\/types\/page"}],"author":[{"embeddable":true,"href":"https:\/\/portfoliobernard.net\/index.php\/wp-json\/wp\/v2\/users\/1"}],"replies":[{"embeddable":true,"href":"https:\/\/portfoliobernard.net\/index.php\/wp-json\/wp\/v2\/comments?post=626"}],"version-history":[{"count":6,"href":"https:\/\/portfoliobernard.net\/index.php\/wp-json\/wp\/v2\/pages\/626\/revisions"}],"predecessor-version":[{"id":639,"href":"https:\/\/portfoliobernard.net\/index.php\/wp-json\/wp\/v2\/pages\/626\/revisions\/639"}],"wp:attachment":[{"href":"https:\/\/portfoliobernard.net\/index.php\/wp-json\/wp\/v2\/media?parent=626"}],"curies":[{"name":"wp","href":"https:\/\/api.w.org\/{rel}","templated":true}]}}