{"id":231,"date":"2025-04-26T16:37:36","date_gmt":"2025-04-26T14:37:36","guid":{"rendered":"https:\/\/portfoliobernard.net\/?page_id=231"},"modified":"2025-05-21T17:04:58","modified_gmt":"2025-05-21T15:04:58","slug":"entreprise","status":"publish","type":"page","link":"https:\/\/portfoliobernard.net\/index.php\/entreprise\/","title":{"rendered":"Mon Entreprise"},"content":{"rendered":"\n<div class=\"wp-block-group is-vertical is-content-justification-center is-layout-flex wp-container-core-group-is-layout-ce155fab wp-block-group-is-layout-flex\">\n<figure class=\"wp-block-image aligncenter size-full\"><img decoding=\"async\" width=\"294\" height=\"90\" src=\"https:\/\/portfoliobernard.net\/wp-content\/uploads\/2025\/04\/degegcom-removebg-preview.png\" alt=\"\" class=\"wp-image-379\"\/><\/figure>\n\n\n\n<details class=\"wp-block-details is-layout-flow wp-block-details-is-layout-flow\"><summary>Qui somme nous ?<\/summary>\n<p>Soci\u00e9t\u00e9 de services informatiques pour les TPE, PME et \u00e9tablissements scolaires, DEGECOM conseille, assiste, d\u00e9panne depuis plus de 20 ans.<\/p>\n\n\n\n<p>Multi-\u00e9diteur, multi marques, DEGECOM apporte toute sa comp\u00e9tence et son exp\u00e9rience au service de ses clients pour leur permettre de se concentrer sur leur m\u00e9tier.<\/p>\n\n\n\n<ul class=\"wp-block-list\">\n<li><\/li>\n<\/ul>\n<\/details>\n<\/div>\n\n\n\n<div style=\"height:200px\" aria-hidden=\"true\" class=\"wp-block-spacer\"><\/div>\n\n\n\n<hr class=\"wp-block-separator alignwide has-alpha-channel-opacity\"\/>\n\n\n\n<div class=\"wp-block-group alignfull has-global-padding is-layout-constrained wp-container-core-group-is-layout-d89aad35 wp-block-group-is-layout-constrained\" style=\"margin-top:0;margin-bottom:0;padding-top:var(--wp--preset--spacing--50);padding-right:var(--wp--preset--spacing--50);padding-bottom:var(--wp--preset--spacing--50);padding-left:var(--wp--preset--spacing--50)\">\n<div class=\"wp-block-group alignwide has-global-padding is-layout-constrained wp-container-core-group-is-layout-19e250f3 wp-block-group-is-layout-constrained\">\n<div class=\"wp-block-group is-vertical is-content-justification-center is-layout-flex wp-container-core-group-is-layout-6329a8f3 wp-block-group-is-layout-flex\">\n<h2 class=\"wp-block-heading has-text-align-center is-style-default\"><em><strong><span style=\"text-decoration: underline;\">Mes  Missions<\/span><\/strong><\/em><\/h2>\n<\/div>\n\n\n\n<div style=\"height:var(--wp--preset--spacing--40)\" aria-hidden=\"true\" class=\"wp-block-spacer\"><\/div>\n\n\n\n<div class=\"wp-block-columns alignwide is-layout-flex wp-container-core-columns-is-layout-d1c656ed wp-block-columns-is-layout-flex\">\n<div class=\"wp-block-column is-vertically-aligned-center is-layout-flow wp-block-column-is-layout-flow\" style=\"flex-basis:40%\">\n<h3 class=\"wp-block-heading is-style-default\">Support Utilisateurs<\/h3>\n\n\n\n<ul style=\"line-height:1.75\" class=\"wp-block-list is-style-checkmark-list\">\n<li>Hotline \u00e0 distance<\/li>\n\n\n\n<li>D\u00e9pannage sur site <\/li>\n\n\n\n<li>Cr\u00e9ation de comptes AD<\/li>\n\n\n\n<li>Cr\u00e9ation de comptes office \/Gestion d&rsquo;un Tenant Office 365<\/li>\n<\/ul>\n<\/div>\n\n\n\n<div class=\"wp-block-column is-layout-flow wp-block-column-is-layout-flow\" style=\"flex-basis:50%\">\n<figure class=\"wp-block-image aligncenter size-full is-resized is-style-rounded is-style-rounded--1\"><img fetchpriority=\"high\" decoding=\"async\" width=\"599\" height=\"800\" src=\"https:\/\/portfoliobernard.net\/wp-content\/uploads\/2025\/04\/Image-7.jpg\" alt=\"\" class=\"wp-image-375\" style=\"width:317px;height:auto\" srcset=\"https:\/\/portfoliobernard.net\/wp-content\/uploads\/2025\/04\/Image-7.jpg 599w, https:\/\/portfoliobernard.net\/wp-content\/uploads\/2025\/04\/Image-7-225x300.jpg 225w\" sizes=\"(max-width: 599px) 100vw, 599px\" \/><\/figure>\n<\/div>\n<\/div>\n\n\n\n<div style=\"height:var(--wp--preset--spacing--40)\" aria-hidden=\"true\" class=\"wp-block-spacer\"><\/div>\n\n\n\n<div class=\"wp-block-columns alignwide is-layout-flex wp-container-core-columns-is-layout-d1c656ed wp-block-columns-is-layout-flex\">\n<div class=\"wp-block-column is-layout-flow wp-block-column-is-layout-flow\" style=\"flex-basis:50%\">\n<figure class=\"wp-block-image aligncenter size-full is-resized is-style-rounded is-style-rounded--2\"><img decoding=\"async\" width=\"603\" height=\"800\" src=\"https:\/\/portfoliobernard.net\/wp-content\/uploads\/2025\/04\/Image-8.jpg\" alt=\"\" class=\"wp-image-391\" style=\"width:334px;height:auto\" srcset=\"https:\/\/portfoliobernard.net\/wp-content\/uploads\/2025\/04\/Image-8.jpg 603w, https:\/\/portfoliobernard.net\/wp-content\/uploads\/2025\/04\/Image-8-226x300.jpg 226w\" sizes=\"(max-width: 603px) 100vw, 603px\" \/><\/figure>\n<\/div>\n\n\n\n<div class=\"wp-block-column is-vertically-aligned-center is-layout-flow wp-block-column-is-layout-flow\" style=\"flex-basis:40%\">\n<h3 class=\"wp-block-heading is-style-default\">Installation \/ Maintenance<\/h3>\n\n\n\n<ul style=\"line-height:1.75\" class=\"wp-block-list is-style-checkmark-list\">\n<li>Installation infrastructures r\u00e9seaux<\/li>\n\n\n\n<li>Brassage  de baies informatiques<\/li>\n\n\n\n<li>Maintenance applications m\u00e9tiers sur serveurs<\/li>\n<\/ul>\n<\/div>\n<\/div>\n<\/div>\n<\/div>\n\n\n\n<details class=\"wp-block-details is-layout-flow wp-block-details-is-layout-flow\"><summary>E-Reputation degecom realis\u00e9e au centre de formation<\/summary>\n<div class=\"wp-block-buttons is-content-justification-center is-layout-flex wp-container-core-buttons-is-layout-a89b3969 wp-block-buttons-is-layout-flex\">\n<div class=\"wp-block-button\"><a class=\"wp-block-button__link wp-element-button\" href=\"http:\/\/portfoliobernard.net\/wp-content\/uploads\/2025\/05\/e-reputation-DEGECOM.pdf\" target=\"_blank\" rel=\"noreferrer noopener\">Consulter<\/a><\/div>\n<\/div>\n<\/details>\n\n\n\n<div class=\"wp-block-group alignfull has-global-padding is-layout-constrained wp-container-core-group-is-layout-d89aad35 wp-block-group-is-layout-constrained\" style=\"margin-top:0;margin-bottom:0;padding-top:var(--wp--preset--spacing--50);padding-right:var(--wp--preset--spacing--50);padding-bottom:var(--wp--preset--spacing--50);padding-left:var(--wp--preset--spacing--50)\">\n<div class=\"wp-block-group alignwide has-global-padding is-layout-constrained wp-container-core-group-is-layout-19e250f3 wp-block-group-is-layout-constrained\">\n<div class=\"wp-block-group is-vertical is-content-justification-center is-layout-flex wp-container-core-group-is-layout-6329a8f3 wp-block-group-is-layout-flex\">\n<h2 class=\"wp-block-heading has-text-align-center is-style-default\"><span style=\"text-decoration: underline;\"><strong><em>Knowledge Management<\/em><\/strong><\/span><\/h2>\n<\/div>\n\n\n\n<div style=\"height:var(--wp--preset--spacing--40)\" aria-hidden=\"true\" class=\"wp-block-spacer\"><\/div>\n\n\n\n<div class=\"wp-block-columns alignwide is-layout-flex wp-container-core-columns-is-layout-d1c656ed wp-block-columns-is-layout-flex\">\n<div class=\"wp-block-column is-vertically-aligned-center is-layout-flow wp-block-column-is-layout-flow\" style=\"flex-basis:40%\">\n<h2 class=\"wp-block-heading is-style-default\">Sharepoint<\/h2>\n\n\n\n<ul class=\"wp-block-list\">\n<li>Recherche de proc\u00e9dure via moteur de recherche int\u00e9gr\u00e9&nbsp;<\/li>\n\n\n\n<li>Normalisation de l&rsquo;ecriture des procedures<\/li>\n<\/ul>\n<\/div>\n\n\n\n<div class=\"wp-block-column is-layout-flow wp-block-column-is-layout-flow\" style=\"flex-basis:50%\">\n<figure class=\"wp-block-image size-large is-style-rounded is-style-rounded--3\"><img loading=\"lazy\" decoding=\"async\" width=\"1024\" height=\"511\" src=\"http:\/\/portfoliobernard.net\/wp-content\/uploads\/2025\/05\/Capture-decran-2025-05-17-163056-1024x511.png\" alt=\"\" class=\"wp-image-465\" srcset=\"https:\/\/portfoliobernard.net\/wp-content\/uploads\/2025\/05\/Capture-decran-2025-05-17-163056-1024x511.png 1024w, https:\/\/portfoliobernard.net\/wp-content\/uploads\/2025\/05\/Capture-decran-2025-05-17-163056-300x150.png 300w, https:\/\/portfoliobernard.net\/wp-content\/uploads\/2025\/05\/Capture-decran-2025-05-17-163056-768x384.png 768w, https:\/\/portfoliobernard.net\/wp-content\/uploads\/2025\/05\/Capture-decran-2025-05-17-163056-1536x767.png 1536w, https:\/\/portfoliobernard.net\/wp-content\/uploads\/2025\/05\/Capture-decran-2025-05-17-163056.png 1912w\" sizes=\"(max-width: 1024px) 100vw, 1024px\" \/><\/figure>\n<\/div>\n<\/div>\n\n\n\n<div style=\"height:var(--wp--preset--spacing--40)\" aria-hidden=\"true\" class=\"wp-block-spacer\"><\/div>\n\n\n\n<div class=\"wp-block-columns alignwide is-layout-flex wp-container-core-columns-is-layout-d1c656ed wp-block-columns-is-layout-flex\">\n<div class=\"wp-block-column is-layout-flow wp-block-column-is-layout-flow\" style=\"flex-basis:50%\">\n<figure class=\"wp-block-image size-large is-style-rounded is-style-rounded--4\"><img loading=\"lazy\" decoding=\"async\" width=\"1024\" height=\"511\" src=\"http:\/\/portfoliobernard.net\/wp-content\/uploads\/2025\/05\/Capture-decran-2025-05-17-163210-1024x511.png\" alt=\"\" class=\"wp-image-466\" srcset=\"https:\/\/portfoliobernard.net\/wp-content\/uploads\/2025\/05\/Capture-decran-2025-05-17-163210-1024x511.png 1024w, https:\/\/portfoliobernard.net\/wp-content\/uploads\/2025\/05\/Capture-decran-2025-05-17-163210-300x150.png 300w, https:\/\/portfoliobernard.net\/wp-content\/uploads\/2025\/05\/Capture-decran-2025-05-17-163210-768x383.png 768w, https:\/\/portfoliobernard.net\/wp-content\/uploads\/2025\/05\/Capture-decran-2025-05-17-163210-1536x767.png 1536w, https:\/\/portfoliobernard.net\/wp-content\/uploads\/2025\/05\/Capture-decran-2025-05-17-163210.png 1913w\" sizes=\"(max-width: 1024px) 100vw, 1024px\" \/><\/figure>\n<\/div>\n\n\n\n<div class=\"wp-block-column is-vertically-aligned-center is-layout-flow wp-block-column-is-layout-flow\" style=\"flex-basis:40%\">\n<h2 class=\"wp-block-heading is-style-default\">GLPI<\/h2>\n\n\n\n<ul class=\"wp-block-list\">\n<li>Importation de la base de connaissances dans GLPI<\/li>\n\n\n\n<li>Possibilit\u00e9 de lier une proc\u00e9dure \u00e0 un ticket<\/li>\n<\/ul>\n<\/div>\n<\/div>\n<\/div>\n<\/div>\n\n\n\n<div class=\"wp-block-columns alignfull is-layout-flex wp-container-core-columns-is-layout-28f84493 wp-block-columns-is-layout-flex\">\n<div class=\"wp-block-column is-vertically-aligned-center is-layout-flow wp-block-column-is-layout-flow\" style=\"flex-basis:100%\">\n<div class=\"wp-block-cover aligncenter is-light\"><span aria-hidden=\"true\" class=\"wp-block-cover__background has-accent-4-background-color has-background-dim-0 has-background-dim\"><\/span><div class=\"wp-block-cover__inner-container is-layout-flow wp-block-cover-is-layout-flow\">\n<!DOCTYPE html>\n<html lang=\"fr\">\n<head>\n  <meta charset=\"UTF-8\" \/>\n  <title>Outils Utilis\u00e9s<\/title>\n  <style>\n    body {\n      background-color: #4d5a47;\n      margin: 0;\n      padding: 0;\n      font-family: 'Segoe UI', Arial, sans-serif;\n      color: #f1f0dd;\n    }\n\n    .tools-wrapper {\n      padding: 40px 20px;\n      max-width: 1200px;\n      margin: 0 auto 60px;\n    }\n\n    .tools-title {\n      text-align: center;\n      font-size: 2.5rem;\n      color: #f1f0dd;\n      margin-bottom: 40px;\n      font-weight: bold;\n      font-style: italic;\n      text-decoration: underline;\n      \n    }\n\n    .tools-container {\n      display: flex;\n      flex-wrap: wrap;\n      justify-content: center;\n      gap: 30px;\n      padding-bottom: 20px;\n    }\n\n    .card {\n      background-color: #f1f0dd;\n      color: #4d5a47;\n      width: 300px;\n      height: 350px;\n      perspective: 1000px;\n      border-radius: 20px;\n      flex-shrink: 0;\n      box-shadow: 0 8px 16px rgba(0,0,0,0.2);\n      transition: transform 0.3s ease;\n    }\n\n    .card-inner {\n      position: relative;\n      width: 100%;\n      height: 100%;\n      transition: transform 0.8s;\n      transform-style: preserve-3d;\n      border-radius: 20px;\n    }\n\n    .card:hover .card-inner {\n      transform: rotateY(180deg);\n    }\n\n    .card-front,\n    .card-back {\n      position: absolute;\n      width: 100%;\n      height: 100%;\n      backface-visibility: hidden;\n      border-radius: 20px;\n      display: flex;\n      flex-direction: column;\n      align-items: center;\n      justify-content: center;\n      padding: 20px;\n      box-sizing: border-box;\n      text-align: center;\n    }\n\n    .card-back {\n      background-color: #f1f0dd;\n      transform: rotateY(180deg);\n      color: #4d5a47;\n    }\n\n    .card h2 {\n      font-size: 1.5rem;\n      margin-bottom: 8px;\n    }\n\n    .card p {\n      font-size: 0.9rem;\n    }\n\n    .card img {\n      width: 90px;\n      margin-top: 15px;\n      max-width: 100%;\n      border-radius: 10px;\n      object-fit: contain;\n    }\n\n    \/* Responsive : 2 cartes par ligne sur tablette *\/\n    @media (max-width: 900px) {\n      .tools-container {\n        justify-content: space-evenly;\n      }\n      .card {\n        width: 45%;\n      }\n    }\n\n    \/* Responsive : 1 carte par ligne sur mobile *\/\n    @media (max-width: 500px) {\n      .card {\n        width: 90%;\n      }\n    }\n\n    #topBtn {\n      display: none;\n      position: fixed;\n      bottom: 30px;\n      right: 30px;\n      z-index: 99;\n      font-size: 16px;\n      background-color: #f1f0dd;\n      color: #4d5a47;\n      border: none;\n      outline: none;\n      cursor: pointer;\n      padding: 10px 18px;\n      border-radius: 999px;\n      box-shadow: 0 4px 8px rgba(0, 0, 0, 0.3);\n      font-weight: bold;\n      transition: background-color 0.3s ease, transform 0.3s ease;\n    }\n\n    #topBtn:hover {\n      background-color: #e6e2d5;\n      transform: translateY(-2px);\n    }\n  <\/style>\n<\/head>\n<body>\n\n  <div class=\"tools-wrapper\">\n    <h1 class=\"tools-title\">Outils Utilis\u00e9s<\/h1>\n    <div class=\"tools-container\">\n\n      <!-- GLPI -->\n      <div class=\"card\">\n        <div class=\"card-inner\">\n          <div class=\"card-front\">\n            <h2>GLPI<\/h2>\n            <p>Outil de ticketing<\/p>\n            <img decoding=\"async\" src=\"http:\/\/portfoliobernard.net\/wp-content\/uploads\/2025\/05\/glpi.png\" alt=\"GLPI\" \/>\n          <\/div>\n          <div class=\"card-back\">\n            <h2>\u00c0 quoi sert GLPI ?<\/h2>\n            <p>Gestion des tickets et interventions informatiques.<\/p>\n          <\/div>\n        <\/div>\n      <\/div>\n      <!-- Office 365 -->\n      <div class=\"card\">\n        <div class=\"card-inner\">\n          <div class=\"card-front\">\n            <h2>Tenant 365<\/h2>\n            <p>Gestion utilisateurs &#038; licences<\/p>\n            <img decoding=\"async\" src=\"http:\/\/portfoliobernard.net\/wp-content\/uploads\/2025\/05\/Integrateur-Office-365.png\" alt=\"Office 365\" \/>\n          <\/div>\n          <div class=\"card-back\">\n            <h2>\u00c0 quoi sert un tenant 365 ?<\/h2>\n            <p>Gestion des comptes, mails et outils collaboratifs en ligne.<\/p>\n          <\/div>\n        <\/div>\n      <\/div>\n\n      <!-- Veams -->\n      <div class=\"card\">\n        <div class=\"card-inner\">\n          <div class=\"card-front\">\n            <h2>Veams<\/h2>\n            <p>Monitoring des services<\/p>\n            <img decoding=\"async\" src=\"http:\/\/portfoliobernard.net\/wp-content\/uploads\/2025\/05\/VEAMS.jpg\" alt=\"Veams\" \/>\n          <\/div>\n          <div class=\"card-back\">\n            <h2>\u00c0 quoi sert Veeams ?<\/h2>\n            <p>Surveillance des Sauvegardes.<\/p>\n          <\/div>\n        <\/div>\n      <\/div>\n\n      <!-- Acronis -->\n      <div class=\"card\">\n        <div class=\"card-inner\">\n          <div class=\"card-front\">\n            <h2>Acronis<\/h2>\n            <p>Sauvegarde &#038; s\u00e9curit\u00e9<\/p>\n            <img decoding=\"async\" src=\"http:\/\/portfoliobernard.net\/wp-content\/uploads\/2025\/05\/acronisjpg.jpg\" alt=\"Acronis\" \/>\n          <\/div>\n          <div class=\"card-back\">\n            <h2>\u00c0 quoi sert Acronis ?<\/h2>\n            <p>Solutions de sauvegarde et restauration pour entreprises.<\/p><p> XDR <\/p>\n          <\/div>\n        <\/div>\n      <\/div>\n\n    <\/div>\n  <\/div>\n\n  <!-- Bouton \"Haut de page\" -->\n  <button onclick=\"topFunction()\" id=\"topBtn\" title=\"Retour en haut\">\u2191 Haut de page<\/button>\n\n  <script>\n    const topButton = document.getElementById(\"topBtn\");\n\n    window.onscroll = function() {\n      if (document.body.scrollTop > 400 || document.documentElement.scrollTop > 400) {\n        topButton.style.display = \"block\";\n      } else {\n        topButton.style.display = \"none\";\n      }\n    };\n\n    function topFunction() {\n      window.scrollTo({ top: 0, behavior: 'smooth' });\n    }\n  <\/script>\n\n<\/body>\n<\/html>\n<\/div><\/div>\n<\/div>\n<\/div>\n","protected":false},"excerpt":{"rendered":"<p>Mes Missions Support Utilisateurs Installation \/ Maintenance Knowledge Management Sharepoint GLPI<\/p>\n","protected":false},"author":1,"featured_media":368,"parent":0,"menu_order":0,"comment_status":"closed","ping_status":"closed","template":"","meta":{"footnotes":""},"class_list":["post-231","page","type-page","status-publish","has-post-thumbnail","hentry"],"_links":{"self":[{"href":"https:\/\/portfoliobernard.net\/index.php\/wp-json\/wp\/v2\/pages\/231","targetHints":{"allow":["GET"]}}],"collection":[{"href":"https:\/\/portfoliobernard.net\/index.php\/wp-json\/wp\/v2\/pages"}],"about":[{"href":"https:\/\/portfoliobernard.net\/index.php\/wp-json\/wp\/v2\/types\/page"}],"author":[{"embeddable":true,"href":"https:\/\/portfoliobernard.net\/index.php\/wp-json\/wp\/v2\/users\/1"}],"replies":[{"embeddable":true,"href":"https:\/\/portfoliobernard.net\/index.php\/wp-json\/wp\/v2\/comments?post=231"}],"version-history":[{"count":83,"href":"https:\/\/portfoliobernard.net\/index.php\/wp-json\/wp\/v2\/pages\/231\/revisions"}],"predecessor-version":[{"id":715,"href":"https:\/\/portfoliobernard.net\/index.php\/wp-json\/wp\/v2\/pages\/231\/revisions\/715"}],"wp:featuredmedia":[{"embeddable":true,"href":"https:\/\/portfoliobernard.net\/index.php\/wp-json\/wp\/v2\/media\/368"}],"wp:attachment":[{"href":"https:\/\/portfoliobernard.net\/index.php\/wp-json\/wp\/v2\/media?parent=231"}],"curies":[{"name":"wp","href":"https:\/\/api.w.org\/{rel}","templated":true}]}}